{"id":7735,"date":"2019-03-15T07:34:48","date_gmt":"2019-03-15T06:34:48","guid":{"rendered":"https:\/\/oneworlditaliano.com\/?page_id=7735"},"modified":"2023-05-01T12:13:02","modified_gmt":"2023-05-01T10:13:02","slug":"wer-sind-wir","status":"publish","type":"page","link":"https:\/\/oneworlditaliano.com\/de\/wer-sind-wir\/","title":{"rendered":"Wer sind wir"},"content":{"rendered":"<div>Willkommen bei One World! Seit 2001\u00a0begr\u00fc\u00dft <a href=\"https:\/\/oneworlditaliano.it\/de\/\" target=\"_blank\" rel=\"noopener\">One World-Schule<\/a> Studenten aus aller Welt in Cagliari, der geschichtlichen Hauptstadt der wundersch\u00f6nen Insel Sardinien.<\/div>\n<p style=\"text-align: center;\"><iframe loading=\"lazy\" src=\"https:\/\/www.youtube-nocookie.com\/embed\/P10-x7A6moA\" width=\"560\" height=\"315\" frameborder=\"0\" allowfullscreen=\"allowfullscreen\"><\/iframe><\/p>\n<h3><strong>Du bist in guten H\u00e4nden!<\/strong><\/h3>\n<p>Wir, in der One World, sind ein <strong>qualifiziertes und erfahrenes Lehrer- und Verwaltungsteam<\/strong>. Veronica, Noemi, Assunta, Francesca, Carla, Irene und Vanessa sind der Hauptgrund warum die Studenten Jahr um Jahr zu uns kommen um bei uns zu lernen. Der Unterricht ist dynamisch und stimulierend und mit einem Maximum von 10 Sch\u00fclern pro Klasse kann der Konversation viel Zeit gewidmet werden.<\/p>\n<p>Die One World Schule ist akkreditiertes Mitglied der <a href=\"https:\/\/www.asils.it\/\" target=\"_blank\" rel=\"noopener\" data-style=\"nobtn\">ASILS<\/a> (Vereinigung der Schulen f\u00fcr Italienisch als Zweitsprache), eine <strong>Garantie der Qualit\u00e4t unserer Kurse<\/strong>. Au\u00dferdem ist sie Mitglied von <a href=\"http:\/\/www.eduitalia.org\/\" target=\"_blank\" rel=\"noopener\" data-style=\"nobtn\">Eduitalia<\/a>, eine Vereinigung die die besten Italienisch-Schulen im Ausland die Italienisch-Kurse anbietet, die von verschiedenen L\u00e4ndern Deutschlands als\u00a0<a href=\"http:\/\/www.bildungsurlaub.de\/infos_bildungsurlaub-general-information_91.html\" target=\"_blank\" rel=\"noopener\" data-style=\"nobtn\">Bildungsurlaub<\/a> anerkannt werden und ist au\u00dferdem bevollm\u00e4chtigtes Zentrum f\u00fcr die <a href=\"https:\/\/cils.unistrasi.it\/\" target=\"_blank\" rel=\"noopener\" data-style=\"nobtn\">CILS-Pr\u00fcfung<\/a> der <strong>Universit\u00e4t von Siena<\/strong>. F\u00fcr die schwedischen Studenten besteht die M\u00f6glichkeit ein Stipendium seitens des <a href=\"https:\/\/www.csn.se\/languages\/english.html\" target=\"_blank\" rel=\"noopener\" data-style=\"nobtn\">CSN<\/a> (Swedish National Board of Students Aid) zu bekommen um in unserer Schule Kurse zu besuchen.<\/p>\n<h3><span lang=\"de-DE\"><strong>Entdecke ein authentisches Italien!<\/strong><\/span><\/h3>\n<p><span lang=\"de-DE\">In Cagliari, und im allgemeinen in Sardinien, findest du keine mit Touristen \u00fcberlaufene Stra\u00dfen wo man genauso gut Englisch wie Italienisch spricht. Stattdessen findest du eine echte italienische Stadt wo alle ihrem normalen Leben nachgehen. Nat\u00fcrlich gibt es Strukturen f\u00fcr den Tourismus aber es handelt sich nicht um Massentourismus sondern eine Art die dir erlaubt, <strong>das echte Italien zu erleben<\/strong>. Und vergessen wir auch nicht, dass es in Sardinien die <strong>sch\u00f6nsten Str\u00e4nde der Welt gibt!<\/strong><\/span><\/p>\n<h3><span lang=\"de-DE\"><strong>Lerne mit uns On-line!<\/strong><\/span><\/h3>\n<p><span lang=\"de-DE\">Du musst nicht warten um hier bei uns einen Kurs zu machen, <strong>du kannst sofort beginnen!<\/strong> Auf unserer <a href=\"https:\/\/www.oneworldonlineschool.com\/\" target=\"_blank\" rel=\"noopener\" data-style=\"nobtn\">One World OnlineLernplattform<\/a> kannst du Video-Kurse, Kurse in Abonnement die On-Demand Videos mit Privatstunden verbinden finden, Gruppenkurse, Konversationskurse und Kurse CILS B1 um die italienische Staatsb\u00fcrgerschaft zu erhalten.<\/span><\/p>\n<p><span lang=\"de-DE\">Wo immer du auf der Welt bist uns was immer f\u00fcr ein Niveau du hast, wir haben den geeigneten Kurs f\u00fcr dich, egal ob hier in unserer Schule oder On-Line, <strong>wir k\u00f6nnen es nicht erwarten, dich willkommen zu hei\u00dfen<\/strong>.<\/span><\/p>\n<p><span lang=\"de-DE\">In dem Video hier unten kannst du mit Veronika eine F\u00fchrung durch unsere Schule machen:<\/span><\/p>\n<p style=\"text-align: center;\"><iframe loading=\"lazy\" src=\"https:\/\/www.youtube-nocookie.com\/embed\/4mh0yK8_dq4\" width=\"560\" height=\"315\" frameborder=\"0\" allowfullscreen=\"allowfullscreen\"><\/iframe><\/p>\n","protected":false},"excerpt":{"rendered":"<p>Willkommen bei One World! Seit 2001\u00a0begr\u00fc\u00dft One World-Schule Studenten aus aller Welt in Cagliari, der geschichtlichen Hauptstadt der wundersch\u00f6nen Insel Sardinien. Du bist in guten H\u00e4nden! Wir, in der One World, sind ein qualifiziertes und erfahrenes Lehrer- und Verwaltungsteam. Veronica, Noemi, Assunta, Francesca, Carla, Irene und Vanessa sind der Hauptgrund warum die Studenten Jahr um Jahr zu uns kommen um [&hellip;]<\/p>\n","protected":false},"author":1,"featured_media":0,"parent":0,"menu_order":0,"comment_status":"closed","ping_status":"closed","template":"","meta":{"footnotes":""},"class_list":["post-7735","page","type-page","status-publish","hentry"],"yoast_head":"<!-- This site is optimized with the Yoast SEO plugin v27.3 - https:\/\/yoast.com\/product\/yoast-seo-wordpress\/ -->\n<title>Wer sind wir - One World Italiano<\/title>\n<meta name=\"description\" content=\"Il nostro obiettivo \u00e8 rendere l&#039;insegnamento dell&#039;italiano facile, divertente e accessibile a tutti, perch\u00e9 ci sentiamo un po&#039; come una grande famiglia.\" \/>\n<meta name=\"robots\" content=\"index, follow, max-snippet:-1, max-image-preview:large, max-video-preview:-1\" \/>\n<link rel=\"canonical\" href=\"https:\/\/oneworlditaliano.com\/de\/wer-sind-wir\/\" \/>\n<meta property=\"og:locale\" content=\"de_DE\" \/>\n<meta property=\"og:type\" content=\"article\" \/>\n<meta property=\"og:title\" content=\"Wer sind wir - One World Italiano\" \/>\n<meta property=\"og:description\" content=\"Il nostro obiettivo \u00e8 rendere l&#039;insegnamento dell&#039;italiano facile, divertente e accessibile a tutti, perch\u00e9 ci sentiamo un po&#039; come una grande famiglia.\" \/>\n<meta property=\"og:url\" content=\"https:\/\/oneworlditaliano.com\/de\/wer-sind-wir\/\" \/>\n<meta property=\"og:site_name\" content=\"One World Italiano\" \/>\n<meta property=\"article:publisher\" content=\"https:\/\/www.facebook.com\/oneworlditaliano\/\" \/>\n<meta property=\"article:modified_time\" content=\"2023-05-01T10:13:02+00:00\" \/>\n<meta name=\"twitter:card\" content=\"summary_large_image\" \/>\n<meta name=\"twitter:label1\" content=\"Gesch\u00e4tzte Lesezeit\" \/>\n\t<meta name=\"twitter:data1\" content=\"2\u00a0Minuten\" \/>\n<script type=\"application\/ld+json\" class=\"yoast-schema-graph\">{\"@context\":\"https:\\\/\\\/schema.org\",\"@graph\":[{\"@type\":\"WebPage\",\"@id\":\"https:\\\/\\\/oneworlditaliano.com\\\/de\\\/wer-sind-wir\\\/\",\"url\":\"https:\\\/\\\/oneworlditaliano.com\\\/de\\\/wer-sind-wir\\\/\",\"name\":\"Wer sind wir - One World Italiano\",\"isPartOf\":{\"@id\":\"https:\\\/\\\/oneworlditaliano.com\\\/de\\\/#website\"},\"datePublished\":\"2019-03-15T06:34:48+00:00\",\"dateModified\":\"2023-05-01T10:13:02+00:00\",\"description\":\"Il nostro obiettivo \u00e8 rendere l'insegnamento dell'italiano facile, divertente e accessibile a tutti, perch\u00e9 ci sentiamo un po' come una grande famiglia.\",\"breadcrumb\":{\"@id\":\"https:\\\/\\\/oneworlditaliano.com\\\/de\\\/wer-sind-wir\\\/#breadcrumb\"},\"inLanguage\":\"de\",\"potentialAction\":[{\"@type\":\"ReadAction\",\"target\":[\"https:\\\/\\\/oneworlditaliano.com\\\/de\\\/wer-sind-wir\\\/\"]}]},{\"@type\":\"BreadcrumbList\",\"@id\":\"https:\\\/\\\/oneworlditaliano.com\\\/de\\\/wer-sind-wir\\\/#breadcrumb\",\"itemListElement\":[{\"@type\":\"ListItem\",\"position\":1,\"name\":\"Home\",\"item\":\"https:\\\/\\\/oneworlditaliano.com\\\/de\\\/\"},{\"@type\":\"ListItem\",\"position\":2,\"name\":\"Wer sind wir\"}]},{\"@type\":\"WebSite\",\"@id\":\"https:\\\/\\\/oneworlditaliano.com\\\/de\\\/#website\",\"url\":\"https:\\\/\\\/oneworlditaliano.com\\\/de\\\/\",\"name\":\"One World Italiano\",\"description\":\"Impara italiano online\",\"publisher\":{\"@id\":\"https:\\\/\\\/oneworlditaliano.com\\\/de\\\/#organization\"},\"potentialAction\":[{\"@type\":\"SearchAction\",\"target\":{\"@type\":\"EntryPoint\",\"urlTemplate\":\"https:\\\/\\\/oneworlditaliano.com\\\/de\\\/?s={search_term_string}\"},\"query-input\":{\"@type\":\"PropertyValueSpecification\",\"valueRequired\":true,\"valueName\":\"search_term_string\"}}],\"inLanguage\":\"de\"},{\"@type\":\"Organization\",\"@id\":\"https:\\\/\\\/oneworlditaliano.com\\\/de\\\/#organization\",\"name\":\"One World Italiano\",\"alternateName\":\"One World\",\"url\":\"https:\\\/\\\/oneworlditaliano.com\\\/de\\\/\",\"logo\":{\"@type\":\"ImageObject\",\"inLanguage\":\"de\",\"@id\":\"https:\\\/\\\/oneworlditaliano.com\\\/de\\\/#\\\/schema\\\/logo\\\/image\\\/\",\"url\":\"https:\\\/\\\/oneworlditaliano.com\\\/wp-content\\\/uploads\\\/2023\\\/01\\\/One-World-Italiano.jpg\",\"contentUrl\":\"https:\\\/\\\/oneworlditaliano.com\\\/wp-content\\\/uploads\\\/2023\\\/01\\\/One-World-Italiano.jpg\",\"width\":696,\"height\":678,\"caption\":\"One World Italiano\"},\"image\":{\"@id\":\"https:\\\/\\\/oneworlditaliano.com\\\/de\\\/#\\\/schema\\\/logo\\\/image\\\/\"},\"sameAs\":[\"https:\\\/\\\/www.facebook.com\\\/oneworlditaliano\\\/\",\"https:\\\/\\\/www.youtube.com\\\/user\\\/Oneworlditaliano\"]}]}<\/script>\n<!-- \/ Yoast SEO plugin. -->","yoast_head_json":{"title":"Wer sind wir - One World Italiano","description":"Il nostro obiettivo \u00e8 rendere l'insegnamento dell'italiano facile, divertente e accessibile a tutti, perch\u00e9 ci sentiamo un po' come una grande famiglia.","robots":{"index":"index","follow":"follow","max-snippet":"max-snippet:-1","max-image-preview":"max-image-preview:large","max-video-preview":"max-video-preview:-1"},"canonical":"https:\/\/oneworlditaliano.com\/de\/wer-sind-wir\/","og_locale":"de_DE","og_type":"article","og_title":"Wer sind wir - One World Italiano","og_description":"Il nostro obiettivo \u00e8 rendere l'insegnamento dell'italiano facile, divertente e accessibile a tutti, perch\u00e9 ci sentiamo un po' come una grande famiglia.","og_url":"https:\/\/oneworlditaliano.com\/de\/wer-sind-wir\/","og_site_name":"One World Italiano","article_publisher":"https:\/\/www.facebook.com\/oneworlditaliano\/","article_modified_time":"2023-05-01T10:13:02+00:00","twitter_card":"summary_large_image","twitter_misc":{"Gesch\u00e4tzte Lesezeit":"2\u00a0Minuten"},"schema":{"@context":"https:\/\/schema.org","@graph":[{"@type":"WebPage","@id":"https:\/\/oneworlditaliano.com\/de\/wer-sind-wir\/","url":"https:\/\/oneworlditaliano.com\/de\/wer-sind-wir\/","name":"Wer sind wir - One World Italiano","isPartOf":{"@id":"https:\/\/oneworlditaliano.com\/de\/#website"},"datePublished":"2019-03-15T06:34:48+00:00","dateModified":"2023-05-01T10:13:02+00:00","description":"Il nostro obiettivo \u00e8 rendere l'insegnamento dell'italiano facile, divertente e accessibile a tutti, perch\u00e9 ci sentiamo un po' come una grande famiglia.","breadcrumb":{"@id":"https:\/\/oneworlditaliano.com\/de\/wer-sind-wir\/#breadcrumb"},"inLanguage":"de","potentialAction":[{"@type":"ReadAction","target":["https:\/\/oneworlditaliano.com\/de\/wer-sind-wir\/"]}]},{"@type":"BreadcrumbList","@id":"https:\/\/oneworlditaliano.com\/de\/wer-sind-wir\/#breadcrumb","itemListElement":[{"@type":"ListItem","position":1,"name":"Home","item":"https:\/\/oneworlditaliano.com\/de\/"},{"@type":"ListItem","position":2,"name":"Wer sind wir"}]},{"@type":"WebSite","@id":"https:\/\/oneworlditaliano.com\/de\/#website","url":"https:\/\/oneworlditaliano.com\/de\/","name":"One World Italiano","description":"Impara italiano online","publisher":{"@id":"https:\/\/oneworlditaliano.com\/de\/#organization"},"potentialAction":[{"@type":"SearchAction","target":{"@type":"EntryPoint","urlTemplate":"https:\/\/oneworlditaliano.com\/de\/?s={search_term_string}"},"query-input":{"@type":"PropertyValueSpecification","valueRequired":true,"valueName":"search_term_string"}}],"inLanguage":"de"},{"@type":"Organization","@id":"https:\/\/oneworlditaliano.com\/de\/#organization","name":"One World Italiano","alternateName":"One World","url":"https:\/\/oneworlditaliano.com\/de\/","logo":{"@type":"ImageObject","inLanguage":"de","@id":"https:\/\/oneworlditaliano.com\/de\/#\/schema\/logo\/image\/","url":"https:\/\/oneworlditaliano.com\/wp-content\/uploads\/2023\/01\/One-World-Italiano.jpg","contentUrl":"https:\/\/oneworlditaliano.com\/wp-content\/uploads\/2023\/01\/One-World-Italiano.jpg","width":696,"height":678,"caption":"One World Italiano"},"image":{"@id":"https:\/\/oneworlditaliano.com\/de\/#\/schema\/logo\/image\/"},"sameAs":["https:\/\/www.facebook.com\/oneworlditaliano\/","https:\/\/www.youtube.com\/user\/Oneworlditaliano"]}]}},"_links":{"self":[{"href":"https:\/\/oneworlditaliano.com\/de\/wp-json\/wp\/v2\/pages\/7735","targetHints":{"allow":["GET"]}}],"collection":[{"href":"https:\/\/oneworlditaliano.com\/de\/wp-json\/wp\/v2\/pages"}],"about":[{"href":"https:\/\/oneworlditaliano.com\/de\/wp-json\/wp\/v2\/types\/page"}],"author":[{"embeddable":true,"href":"https:\/\/oneworlditaliano.com\/de\/wp-json\/wp\/v2\/users\/1"}],"replies":[{"embeddable":true,"href":"https:\/\/oneworlditaliano.com\/de\/wp-json\/wp\/v2\/comments?post=7735"}],"version-history":[{"count":7,"href":"https:\/\/oneworlditaliano.com\/de\/wp-json\/wp\/v2\/pages\/7735\/revisions"}],"predecessor-version":[{"id":15687,"href":"https:\/\/oneworlditaliano.com\/de\/wp-json\/wp\/v2\/pages\/7735\/revisions\/15687"}],"wp:attachment":[{"href":"https:\/\/oneworlditaliano.com\/de\/wp-json\/wp\/v2\/media?parent=7735"}],"curies":[{"name":"wp","href":"https:\/\/api.w.org\/{rel}","templated":true}]}}