{"id":7730,"date":"2019-03-15T07:34:48","date_gmt":"2019-03-15T06:34:48","guid":{"rendered":"https:\/\/oneworlditaliano.com\/?page_id=7730"},"modified":"2023-05-01T12:13:57","modified_gmt":"2023-05-01T10:13:57","slug":"qui-sommes-nous","status":"publish","type":"page","link":"https:\/\/oneworlditaliano.com\/fr\/qui-sommes-nous\/","title":{"rendered":"Qui sommes-nous"},"content":{"rendered":"<p>Bienvenue \u00e0 la One World! Depuis 2001, <strong><a href=\"https:\/\/oneworlditaliano.it\/fr\/\" target=\"_blank\" rel=\"noopener\">notre \u00e9cole One World<\/a><\/strong> accueille des \u00e9tudiants du monde entier \u00e0 Cagliari, le chef-lieu historique de la magnifique \u00eele de Sardaigne.<\/p>\n<p style=\"text-align: center;\"><iframe loading=\"lazy\" src=\"https:\/\/www.youtube-nocookie.com\/embed\/P10-x7A6moA\" width=\"560\" height=\"315\" frameborder=\"0\" allowfullscreen=\"allowfullscreen\"><span data-mce-type=\"bookmark\" style=\"display: inline-block; width: 0px; overflow: hidden; line-height: 0;\" class=\"mce_SELRES_start\">\ufeff<\/span><\/iframe><\/p>\n<h3 style=\"text-align: left;\"><strong>Tu es entre de bonnes mains !<\/strong><\/h3>\n<p style=\"text-align: left;\">La One World est compos\u00e9e d\u2019une <strong>\u00e9quipe d\u2019enseignants et de personnel qualifi\u00e9s et d\u2019experts<\/strong> en la mati\u00e8re. Veronica, Noemi, Assunta, Francesca, Carla, Irene et Vanessa sont la raison pour laquelle <strong>les \u00e9tudiants retournent ann\u00e9es apr\u00e8s ann\u00e9es<\/strong> \u00e9tudier chez nous. Les<strong> cours sont dynamiques et stimulants<\/strong> et, avec un maximum de 10 \u00e9tudiants par salle, il est possible de d\u00e9dier beaucoup de temps \u00e0 la discussion.<\/p>\n<p>One World est membre agr\u00e9e de l&#8217;<strong><a href=\"https:\/\/www.asils.it\/\" target=\"_blank\" rel=\"noopener\" data-style=\"nobtn\">ASILS<\/a><\/strong>\u00a0(Association des \u00e9coles d&#8217;italien deuxi\u00e8me langue), laquelle est une <strong>garantie de la qualit\u00e9 de nos cours<\/strong>. En outre, notre \u00e9cole fait partie d&#8217;<strong><a href=\"http:\/\/www.eduitalia.org\/\" target=\"_blank\" rel=\"noopener\" data-style=\"nobtn\">Eduitalia<\/a><\/strong>, une association qui promeut les meilleures \u00e9coles italiennes \u00e0 l&#8217;\u00e9tranger et qui propose aussi des cours d&#8217;italien reconnus par plusieurs \u00c9tats allemands comme\u00a0<strong><a href=\"http:\/\/www.bildungsurlaub.de\/infos_bildungsurlaub-general-information_91.html\" target=\"_blank\" rel=\"noopener\" data-style=\"nobtn\">Bildungsurlaub<\/a><\/strong>. Enfin, c&#8217;est un centre agr\u00e9\u00e9 pour <strong><a href=\"https:\/\/cils.unistrasi.it\/\" target=\"_blank\" rel=\"noopener\" data-style=\"nobtn\">l&#8217;examen CILS<\/a><\/strong> de l&#8217;<strong>Universit\u00e9 de Sienne<\/strong>. Pour les \u00e9tudiants su\u00e9dois, il est possible d&#8217;obtenir des bourses du\u00a0<strong><a href=\"https:\/\/www.csn.se\/languages\/english.html\" target=\"_blank\" rel=\"noopener\" data-style=\"nobtn\">CSN<\/a><\/strong>\u00a0(Office national su\u00e9dois de soutien pour les \u00e9tudiants) qui permet de suivre un cours dans notre \u00e9cole.<\/p>\n<h3><strong>D\u00e9couvre une Italie authentique !<\/strong><\/h3>\n<p>A Cagliari et dans toute la Sardaigne en g\u00e9n\u00e9ral, tu ne trouveras pas de rues bond\u00e9es, de touristes ou la langue anglaise est parl\u00e9e autant que l\u2019italien. Tu trouveras, en revanche, une authentique ville italienne o\u00f9 tout le monde a ses habitudes. Il y a, bien \u00e9videmment, des structures touristiques, non pas pour le tourisme de masse mais plut\u00f4t pour un type de tourisme qui te permettra de ressentir l\u2019<strong>authentique vie italienne<\/strong>. Et n\u2019oublie pas que c\u2019est en Sardaigne qu\u2019il y a <strong>les plus belles plages du monde !<\/strong><\/p>\n<h3><strong>\u00c9tudie avec nous online !<\/strong><\/h3>\n<p>Tu n\u2019es pas oblig\u00e9 de venir en Sardaigne pour participer aux cours avec nous, tu <strong>peux commencer d\u00e8s maintenant !<\/strong> Sur notre plateforme de formation en ligne <a href=\"https:\/\/www.oneworldonlineschool.com\/\" target=\"_blank\" rel=\"noopener\" data-style=\"nobtn\"><strong>One World Online School<\/strong><\/a>, tu peux trouver des vid\u00e9os de cours en ligne, des abonnements qui combinent des vid\u00e9os \u00e0 la demande de le\u00e7ons particuli\u00e8res, des le\u00e7ons en groupe, des le\u00e7ons o\u00f9 tu peux discuter pour perfectionner ton niveau et aussi des cours de pr\u00e9paration \u00e0 la certification CILS B1.<\/p>\n<p>O\u00f9 que tu sois dans le monde et quel que soit ton niveau, nos cours sont faits pour toi et qu\u2019importe que tu les fasses en ligne o\u00f9 avec nous \u00e0 Cagliari, <strong>nous avons h\u00e2te de t\u2019accueillir !<\/strong><\/p>\n<p>Dans la vid\u00e9o ci-dessous, Veronica fait une visite guid\u00e9e de l\u2019\u00e9cole :<\/p>\n<p style=\"text-align: center;\"><iframe loading=\"lazy\" src=\"https:\/\/www.youtube-nocookie.com\/embed\/4mh0yK8_dq4\" width=\"560\" height=\"315\" frameborder=\"0\" allowfullscreen=\"allowfullscreen\"><\/iframe><\/p>\n","protected":false},"excerpt":{"rendered":"<p>Bienvenue \u00e0 la One World! Depuis 2001, notre \u00e9cole One World accueille des \u00e9tudiants du monde entier \u00e0 Cagliari, le chef-lieu historique de la magnifique \u00eele de Sardaigne. \ufeff Tu es entre de bonnes mains ! La One World est compos\u00e9e d\u2019une \u00e9quipe d\u2019enseignants et de personnel qualifi\u00e9s et d\u2019experts en la mati\u00e8re. Veronica, Noemi, Assunta, Francesca, Carla, Irene et [&hellip;]<\/p>\n","protected":false},"author":1,"featured_media":0,"parent":0,"menu_order":0,"comment_status":"closed","ping_status":"closed","template":"","meta":{"footnotes":""},"class_list":["post-7730","page","type-page","status-publish","hentry"],"yoast_head":"<!-- This site is optimized with the Yoast SEO plugin v27.3 - https:\/\/yoast.com\/product\/yoast-seo-wordpress\/ -->\n<title>Qui sommes-nous - One World Italiano<\/title>\n<meta name=\"description\" content=\"Il nostro obiettivo \u00e8 rendere l&#039;insegnamento dell&#039;italiano facile, divertente e accessibile a tutti, perch\u00e9 ci sentiamo un po&#039; come una grande famiglia.\" \/>\n<meta name=\"robots\" content=\"index, follow, max-snippet:-1, max-image-preview:large, max-video-preview:-1\" \/>\n<link rel=\"canonical\" href=\"https:\/\/oneworlditaliano.com\/fr\/qui-sommes-nous\/\" \/>\n<meta property=\"og:locale\" content=\"fr_FR\" \/>\n<meta property=\"og:type\" content=\"article\" \/>\n<meta property=\"og:title\" content=\"Qui sommes-nous - One World Italiano\" \/>\n<meta property=\"og:description\" content=\"Il nostro obiettivo \u00e8 rendere l&#039;insegnamento dell&#039;italiano facile, divertente e accessibile a tutti, perch\u00e9 ci sentiamo un po&#039; come una grande famiglia.\" \/>\n<meta property=\"og:url\" content=\"https:\/\/oneworlditaliano.com\/fr\/qui-sommes-nous\/\" \/>\n<meta property=\"og:site_name\" content=\"One World Italiano\" \/>\n<meta property=\"article:publisher\" content=\"https:\/\/www.facebook.com\/oneworlditaliano\/\" \/>\n<meta property=\"article:modified_time\" content=\"2023-05-01T10:13:57+00:00\" \/>\n<meta name=\"twitter:card\" content=\"summary_large_image\" \/>\n<meta name=\"twitter:label1\" content=\"Dur\u00e9e de lecture estim\u00e9e\" \/>\n\t<meta name=\"twitter:data1\" content=\"3 minutes\" \/>\n<script type=\"application\/ld+json\" class=\"yoast-schema-graph\">{\"@context\":\"https:\\\/\\\/schema.org\",\"@graph\":[{\"@type\":\"WebPage\",\"@id\":\"https:\\\/\\\/oneworlditaliano.com\\\/fr\\\/qui-sommes-nous\\\/\",\"url\":\"https:\\\/\\\/oneworlditaliano.com\\\/fr\\\/qui-sommes-nous\\\/\",\"name\":\"Qui sommes-nous - One World Italiano\",\"isPartOf\":{\"@id\":\"https:\\\/\\\/oneworlditaliano.com\\\/fr\\\/#website\"},\"datePublished\":\"2019-03-15T06:34:48+00:00\",\"dateModified\":\"2023-05-01T10:13:57+00:00\",\"description\":\"Il nostro obiettivo \u00e8 rendere l'insegnamento dell'italiano facile, divertente e accessibile a tutti, perch\u00e9 ci sentiamo un po' come una grande famiglia.\",\"breadcrumb\":{\"@id\":\"https:\\\/\\\/oneworlditaliano.com\\\/fr\\\/qui-sommes-nous\\\/#breadcrumb\"},\"inLanguage\":\"fr-FR\",\"potentialAction\":[{\"@type\":\"ReadAction\",\"target\":[\"https:\\\/\\\/oneworlditaliano.com\\\/fr\\\/qui-sommes-nous\\\/\"]}]},{\"@type\":\"BreadcrumbList\",\"@id\":\"https:\\\/\\\/oneworlditaliano.com\\\/fr\\\/qui-sommes-nous\\\/#breadcrumb\",\"itemListElement\":[{\"@type\":\"ListItem\",\"position\":1,\"name\":\"Home\",\"item\":\"https:\\\/\\\/oneworlditaliano.com\\\/fr\\\/\"},{\"@type\":\"ListItem\",\"position\":2,\"name\":\"Qui sommes-nous\"}]},{\"@type\":\"WebSite\",\"@id\":\"https:\\\/\\\/oneworlditaliano.com\\\/fr\\\/#website\",\"url\":\"https:\\\/\\\/oneworlditaliano.com\\\/fr\\\/\",\"name\":\"One World Italiano\",\"description\":\"Impara italiano online\",\"publisher\":{\"@id\":\"https:\\\/\\\/oneworlditaliano.com\\\/fr\\\/#organization\"},\"potentialAction\":[{\"@type\":\"SearchAction\",\"target\":{\"@type\":\"EntryPoint\",\"urlTemplate\":\"https:\\\/\\\/oneworlditaliano.com\\\/fr\\\/?s={search_term_string}\"},\"query-input\":{\"@type\":\"PropertyValueSpecification\",\"valueRequired\":true,\"valueName\":\"search_term_string\"}}],\"inLanguage\":\"fr-FR\"},{\"@type\":\"Organization\",\"@id\":\"https:\\\/\\\/oneworlditaliano.com\\\/fr\\\/#organization\",\"name\":\"One World Italiano\",\"alternateName\":\"One World\",\"url\":\"https:\\\/\\\/oneworlditaliano.com\\\/fr\\\/\",\"logo\":{\"@type\":\"ImageObject\",\"inLanguage\":\"fr-FR\",\"@id\":\"https:\\\/\\\/oneworlditaliano.com\\\/fr\\\/#\\\/schema\\\/logo\\\/image\\\/\",\"url\":\"https:\\\/\\\/oneworlditaliano.com\\\/wp-content\\\/uploads\\\/2023\\\/01\\\/One-World-Italiano.jpg\",\"contentUrl\":\"https:\\\/\\\/oneworlditaliano.com\\\/wp-content\\\/uploads\\\/2023\\\/01\\\/One-World-Italiano.jpg\",\"width\":696,\"height\":678,\"caption\":\"One World Italiano\"},\"image\":{\"@id\":\"https:\\\/\\\/oneworlditaliano.com\\\/fr\\\/#\\\/schema\\\/logo\\\/image\\\/\"},\"sameAs\":[\"https:\\\/\\\/www.facebook.com\\\/oneworlditaliano\\\/\",\"https:\\\/\\\/www.youtube.com\\\/user\\\/Oneworlditaliano\"]}]}<\/script>\n<!-- \/ Yoast SEO plugin. -->","yoast_head_json":{"title":"Qui sommes-nous - One World Italiano","description":"Il nostro obiettivo \u00e8 rendere l'insegnamento dell'italiano facile, divertente e accessibile a tutti, perch\u00e9 ci sentiamo un po' come una grande famiglia.","robots":{"index":"index","follow":"follow","max-snippet":"max-snippet:-1","max-image-preview":"max-image-preview:large","max-video-preview":"max-video-preview:-1"},"canonical":"https:\/\/oneworlditaliano.com\/fr\/qui-sommes-nous\/","og_locale":"fr_FR","og_type":"article","og_title":"Qui sommes-nous - One World Italiano","og_description":"Il nostro obiettivo \u00e8 rendere l'insegnamento dell'italiano facile, divertente e accessibile a tutti, perch\u00e9 ci sentiamo un po' come una grande famiglia.","og_url":"https:\/\/oneworlditaliano.com\/fr\/qui-sommes-nous\/","og_site_name":"One World Italiano","article_publisher":"https:\/\/www.facebook.com\/oneworlditaliano\/","article_modified_time":"2023-05-01T10:13:57+00:00","twitter_card":"summary_large_image","twitter_misc":{"Dur\u00e9e de lecture estim\u00e9e":"3 minutes"},"schema":{"@context":"https:\/\/schema.org","@graph":[{"@type":"WebPage","@id":"https:\/\/oneworlditaliano.com\/fr\/qui-sommes-nous\/","url":"https:\/\/oneworlditaliano.com\/fr\/qui-sommes-nous\/","name":"Qui sommes-nous - One World Italiano","isPartOf":{"@id":"https:\/\/oneworlditaliano.com\/fr\/#website"},"datePublished":"2019-03-15T06:34:48+00:00","dateModified":"2023-05-01T10:13:57+00:00","description":"Il nostro obiettivo \u00e8 rendere l'insegnamento dell'italiano facile, divertente e accessibile a tutti, perch\u00e9 ci sentiamo un po' come una grande famiglia.","breadcrumb":{"@id":"https:\/\/oneworlditaliano.com\/fr\/qui-sommes-nous\/#breadcrumb"},"inLanguage":"fr-FR","potentialAction":[{"@type":"ReadAction","target":["https:\/\/oneworlditaliano.com\/fr\/qui-sommes-nous\/"]}]},{"@type":"BreadcrumbList","@id":"https:\/\/oneworlditaliano.com\/fr\/qui-sommes-nous\/#breadcrumb","itemListElement":[{"@type":"ListItem","position":1,"name":"Home","item":"https:\/\/oneworlditaliano.com\/fr\/"},{"@type":"ListItem","position":2,"name":"Qui sommes-nous"}]},{"@type":"WebSite","@id":"https:\/\/oneworlditaliano.com\/fr\/#website","url":"https:\/\/oneworlditaliano.com\/fr\/","name":"One World Italiano","description":"Impara italiano online","publisher":{"@id":"https:\/\/oneworlditaliano.com\/fr\/#organization"},"potentialAction":[{"@type":"SearchAction","target":{"@type":"EntryPoint","urlTemplate":"https:\/\/oneworlditaliano.com\/fr\/?s={search_term_string}"},"query-input":{"@type":"PropertyValueSpecification","valueRequired":true,"valueName":"search_term_string"}}],"inLanguage":"fr-FR"},{"@type":"Organization","@id":"https:\/\/oneworlditaliano.com\/fr\/#organization","name":"One World Italiano","alternateName":"One World","url":"https:\/\/oneworlditaliano.com\/fr\/","logo":{"@type":"ImageObject","inLanguage":"fr-FR","@id":"https:\/\/oneworlditaliano.com\/fr\/#\/schema\/logo\/image\/","url":"https:\/\/oneworlditaliano.com\/wp-content\/uploads\/2023\/01\/One-World-Italiano.jpg","contentUrl":"https:\/\/oneworlditaliano.com\/wp-content\/uploads\/2023\/01\/One-World-Italiano.jpg","width":696,"height":678,"caption":"One World Italiano"},"image":{"@id":"https:\/\/oneworlditaliano.com\/fr\/#\/schema\/logo\/image\/"},"sameAs":["https:\/\/www.facebook.com\/oneworlditaliano\/","https:\/\/www.youtube.com\/user\/Oneworlditaliano"]}]}},"_links":{"self":[{"href":"https:\/\/oneworlditaliano.com\/fr\/wp-json\/wp\/v2\/pages\/7730","targetHints":{"allow":["GET"]}}],"collection":[{"href":"https:\/\/oneworlditaliano.com\/fr\/wp-json\/wp\/v2\/pages"}],"about":[{"href":"https:\/\/oneworlditaliano.com\/fr\/wp-json\/wp\/v2\/types\/page"}],"author":[{"embeddable":true,"href":"https:\/\/oneworlditaliano.com\/fr\/wp-json\/wp\/v2\/users\/1"}],"replies":[{"embeddable":true,"href":"https:\/\/oneworlditaliano.com\/fr\/wp-json\/wp\/v2\/comments?post=7730"}],"version-history":[{"count":8,"href":"https:\/\/oneworlditaliano.com\/fr\/wp-json\/wp\/v2\/pages\/7730\/revisions"}],"predecessor-version":[{"id":15688,"href":"https:\/\/oneworlditaliano.com\/fr\/wp-json\/wp\/v2\/pages\/7730\/revisions\/15688"}],"wp:attachment":[{"href":"https:\/\/oneworlditaliano.com\/fr\/wp-json\/wp\/v2\/media?parent=7730"}],"curies":[{"name":"wp","href":"https:\/\/api.w.org\/{rel}","templated":true}]}}